{"id":104,"date":"2026-02-19T14:59:06","date_gmt":"2026-02-19T13:59:06","guid":{"rendered":"https:\/\/www.yuri.dk\/?page_id=104"},"modified":"2026-02-19T14:59:06","modified_gmt":"2026-02-19T13:59:06","slug":"kort-om-sport","status":"publish","type":"page","link":"https:\/\/www.yuri.dk\/?page_id=104","title":{"rendered":"Kort om sport"},"content":{"rendered":"\n<p>Jeg har dyrket en del forskellig sport gennem mit liv; jeg har v\u00e6ret igang med b\u00e5de fodbold, atletik og jiu-jitsu da jeg var barn, jeg har altid cyklet en del og senere som voksen har jeg brugt meget af min tid med at l\u00f8be og skyde.<\/p>\n\n\n\n<p>Jeg har form\u00e5et at vinde mesterskaber i b\u00e5de Atletik (Amagermesterskab) og Milit\u00e6r Hurtig Skydning .22 \u00c5ben Klasse (K\u00f8benhavnsmesterskab).<\/p>\n\n\n\n<p><\/p>\n","protected":false},"excerpt":{"rendered":"<p>Jeg har dyrket en del forskellig sport gennem mit liv; jeg har v\u00e6ret igang med b\u00e5de fodbold, atletik og jiu-jitsu da jeg var barn, jeg har altid cyklet en del og senere som voksen har jeg brugt meget af min tid med at l\u00f8be og skyde. Jeg har form\u00e5et at vinde mesterskaber i b\u00e5de Atletik [&hellip;]<\/p>\n","protected":false},"author":1,"featured_media":106,"parent":0,"menu_order":0,"comment_status":"closed","ping_status":"closed","template":"","meta":{"pagelayer_contact_templates":[],"_pagelayer_content":"","footnotes":""},"class_list":["post-104","page","type-page","status-publish","has-post-thumbnail","hentry"],"_links":{"self":[{"href":"https:\/\/www.yuri.dk\/index.php?rest_route=\/wp\/v2\/pages\/104","targetHints":{"allow":["GET"]}}],"collection":[{"href":"https:\/\/www.yuri.dk\/index.php?rest_route=\/wp\/v2\/pages"}],"about":[{"href":"https:\/\/www.yuri.dk\/index.php?rest_route=\/wp\/v2\/types\/page"}],"author":[{"embeddable":true,"href":"https:\/\/www.yuri.dk\/index.php?rest_route=\/wp\/v2\/users\/1"}],"replies":[{"embeddable":true,"href":"https:\/\/www.yuri.dk\/index.php?rest_route=%2Fwp%2Fv2%2Fcomments&post=104"}],"version-history":[{"count":2,"href":"https:\/\/www.yuri.dk\/index.php?rest_route=\/wp\/v2\/pages\/104\/revisions"}],"predecessor-version":[{"id":107,"href":"https:\/\/www.yuri.dk\/index.php?rest_route=\/wp\/v2\/pages\/104\/revisions\/107"}],"wp:featuredmedia":[{"embeddable":true,"href":"https:\/\/www.yuri.dk\/index.php?rest_route=\/wp\/v2\/media\/106"}],"wp:attachment":[{"href":"https:\/\/www.yuri.dk\/index.php?rest_route=%2Fwp%2Fv2%2Fmedia&parent=104"}],"curies":[{"name":"wp","href":"https:\/\/api.w.org\/{rel}","templated":true}]}}