{"id":37,"date":"2026-02-16T14:19:20","date_gmt":"2026-02-16T13:19:20","guid":{"rendered":"https:\/\/www.yuri.dk\/?page_id=37"},"modified":"2026-02-17T13:34:34","modified_gmt":"2026-02-17T12:34:34","slug":"yuridk","status":"publish","type":"page","link":"https:\/\/www.yuri.dk\/","title":{"rendered":"YuriDK"},"content":{"rendered":"\n<p>Velkommen til min digitale legeplads; her p\u00e5 siden har du mulighed for at l\u00e6se om mig og hvad jeg bruger min tid p\u00e5 &#8211; om det er p\u00e5 arbejde, i fritiden, bag sk\u00e6rmen eller ude i det fri.<\/p>\n","protected":false},"excerpt":{"rendered":"<p>Velkommen til min digitale legeplads; her p\u00e5 siden har du mulighed for at l\u00e6se om mig og hvad jeg bruger min tid p\u00e5 &#8211; om det er p\u00e5 arbejde, i fritiden, bag sk\u00e6rmen eller ude i det fri.<\/p>\n","protected":false},"author":1,"featured_media":82,"parent":0,"menu_order":0,"comment_status":"closed","ping_status":"closed","template":"","meta":{"pagelayer_contact_templates":[],"_pagelayer_content":"","footnotes":""},"class_list":["post-37","page","type-page","status-publish","has-post-thumbnail","hentry"],"_links":{"self":[{"href":"https:\/\/www.yuri.dk\/index.php?rest_route=\/wp\/v2\/pages\/37","targetHints":{"allow":["GET"]}}],"collection":[{"href":"https:\/\/www.yuri.dk\/index.php?rest_route=\/wp\/v2\/pages"}],"about":[{"href":"https:\/\/www.yuri.dk\/index.php?rest_route=\/wp\/v2\/types\/page"}],"author":[{"embeddable":true,"href":"https:\/\/www.yuri.dk\/index.php?rest_route=\/wp\/v2\/users\/1"}],"replies":[{"embeddable":true,"href":"https:\/\/www.yuri.dk\/index.php?rest_route=%2Fwp%2Fv2%2Fcomments&post=37"}],"version-history":[{"count":3,"href":"https:\/\/www.yuri.dk\/index.php?rest_route=\/wp\/v2\/pages\/37\/revisions"}],"predecessor-version":[{"id":42,"href":"https:\/\/www.yuri.dk\/index.php?rest_route=\/wp\/v2\/pages\/37\/revisions\/42"}],"wp:featuredmedia":[{"embeddable":true,"href":"https:\/\/www.yuri.dk\/index.php?rest_route=\/wp\/v2\/media\/82"}],"wp:attachment":[{"href":"https:\/\/www.yuri.dk\/index.php?rest_route=%2Fwp%2Fv2%2Fmedia&parent=37"}],"curies":[{"name":"wp","href":"https:\/\/api.w.org\/{rel}","templated":true}]}}