{"id":43,"date":"2026-02-16T14:33:09","date_gmt":"2026-02-16T13:33:09","guid":{"rendered":"https:\/\/www.yuri.dk\/?page_id=43"},"modified":"2026-02-17T14:07:01","modified_gmt":"2026-02-17T13:07:01","slug":"curriculum-vitae","status":"publish","type":"page","link":"https:\/\/www.yuri.dk\/?page_id=43","title":{"rendered":"Curriculum Vitae"},"content":{"rendered":"\n<p>Jeg er uddannet som IT-administrator med udgangspunkt i Microsoft-servere fra Erhvervsakademi Aarhus.<br>Dertil har jeg efterh\u00e5nden en del overbygninger, heribandt kan n\u00e6vnes:<\/p>\n\n\n\n\nITIL v3 Foundation\n\n\n\nSixSigma White Belt\n\n\n\nOffice365 Administration\n\n\n\nSharePoint Administration\n\n\n\nIT Architect Foundation\n\n\n\n\n<p>Det meste af mit IT-arbejdsliv har jeg v\u00e6ret ansat i offentlig tjeneste, men jeg har ogs\u00e5 drevet konsulentarbejde for en h\u00e5ndfulde private akt\u00f8rer.<\/p>\n\n\n\n\nSe mit fulde CV <a href=\"https:\/\/linkedin.com\/in\/kjoelsen\" data-type=\"link\" data-id=\"https:\/\/linkedin.com\/in\/kjoelsen\" target=\"_blank\" rel=\"noreferrer noopener\">p\u00e5 LinkedIn<\/a>.\n\n","protected":false},"excerpt":{"rendered":"<p>Jeg er uddannet som IT-administrator med udgangspunkt i Microsoft-servere fra Erhvervsakademi Aarhus.Dertil har jeg efterh\u00e5nden en del overbygninger, heribandt kan n\u00e6vnes: Det meste af mit IT-arbejdsliv har jeg v\u00e6ret ansat i offentlig tjeneste, men jeg har ogs\u00e5 drevet konsulentarbejde for en h\u00e5ndfulde private akt\u00f8rer.<\/p>\n","protected":false},"author":1,"featured_media":89,"parent":0,"menu_order":0,"comment_status":"closed","ping_status":"closed","template":"","meta":{"pagelayer_contact_templates":[],"_pagelayer_content":"","footnotes":""},"class_list":["post-43","page","type-page","status-publish","has-post-thumbnail","hentry"],"_links":{"self":[{"href":"https:\/\/www.yuri.dk\/index.php?rest_route=\/wp\/v2\/pages\/43","targetHints":{"allow":["GET"]}}],"collection":[{"href":"https:\/\/www.yuri.dk\/index.php?rest_route=\/wp\/v2\/pages"}],"about":[{"href":"https:\/\/www.yuri.dk\/index.php?rest_route=\/wp\/v2\/types\/page"}],"author":[{"embeddable":true,"href":"https:\/\/www.yuri.dk\/index.php?rest_route=\/wp\/v2\/users\/1"}],"replies":[{"embeddable":true,"href":"https:\/\/www.yuri.dk\/index.php?rest_route=%2Fwp%2Fv2%2Fcomments&post=43"}],"version-history":[{"count":5,"href":"https:\/\/www.yuri.dk\/index.php?rest_route=\/wp\/v2\/pages\/43\/revisions"}],"predecessor-version":[{"id":93,"href":"https:\/\/www.yuri.dk\/index.php?rest_route=\/wp\/v2\/pages\/43\/revisions\/93"}],"wp:featuredmedia":[{"embeddable":true,"href":"https:\/\/www.yuri.dk\/index.php?rest_route=\/wp\/v2\/media\/89"}],"wp:attachment":[{"href":"https:\/\/www.yuri.dk\/index.php?rest_route=%2Fwp%2Fv2%2Fmedia&parent=43"}],"curies":[{"name":"wp","href":"https:\/\/api.w.org\/{rel}","templated":true}]}}