{"id":94,"date":"2026-02-17T15:09:55","date_gmt":"2026-02-17T14:09:55","guid":{"rendered":"https:\/\/www.yuri.dk\/?page_id=94"},"modified":"2026-02-20T15:02:51","modified_gmt":"2026-02-20T14:02:51","slug":"game-on","status":"publish","type":"page","link":"https:\/\/www.yuri.dk\/?page_id=94","title":{"rendered":"Game on!"},"content":{"rendered":"\n<p>Jeg bruger ofte computere og spille konsoller til at regenerere min tabte energi.<\/p>\n\n\n\n<p>Jeg har altid siddet foran en sk\u00e6rm &#8211; siden jeg var omkring tre \u00e5r gammel i slutningen af 1980&#8217;erne har jeg siddet ved en computer: dengang var det (t\u00f8r man sige naturligvis?) en Commodore 64: vi havde b\u00e5ndstation og diskettedrev til den og det helt klassiske The Arcade og Competition Pro joysticks blandt andet. Senere blev vi opgraderet til en Amiga 500, dern\u00e6st en CDTV &#8211; og s\u00e5 k\u00f8bte min far sin f\u00f8rste computer: En IBM Aptiva. Den ene Amiga 500 vi har haft er stadig (eller rettere igen) i min besiddelse.<\/p>\n\n\n\n<p>Da jeg var teenager overtog jeg f\u00f8rst min fars Aptiva og senere byggede jeg min egen computer &#8211; som jeg senere opgraderede flere gange. Den computer jeg byggede da jeg var ca. 18 \u00e5r gammel er for l\u00e6ngst blevet skrottet, men dens &#8220;sj\u00e6l&#8221; lever endnu; jeg har gennem \u00e5rene beholdt kabinettet fra den, og som et slags &#8220;20 year anniversary&#8221; projekt genopstod &#8220;<em>Beast<\/em>&#8220;, der efterh\u00e5nden var meget tam, i en Final XP udgave med noget af det seneste supporterede hardware til dedikeret Windows XP retro gaming.<\/p>\n\n\n\n<p><\/p>\n\n\n\n<p>Konsoller har jeg aldrig besk\u00e6ftiget mig meget med: Det blev mest n\u00e5r jeg var p\u00e5 bes\u00f8g hos f\u00e6tre, men en dag fik jeg en PSOne for at passe min f\u00e6tter og kusine &#8211; og efter en tur hos en anden f\u00e6tter er den i dag tilbage hos mig.<\/p>\n\n\n\n<h4 class=\"wp-block-heading\">Gallerier<\/h4>\n\n\n\n<p>I dag har jeg en stor samling af computere og spillekonsoller fra forskellige perioder. Langt de fleste af dem er fuldt funktionelle. Her p\u00e5 siden vil det v\u00e6re muligt at f\u00e5 et glimt af de forskellige. Tryk p\u00e5 et billederne for at komme til en beskrivelse af dem.<\/p>\n\n\n\n<div class=\"wp-block-group is-layout-constrained wp-block-group-is-layout-constrained\">\n<h5 class=\"wp-block-heading\">Computere<\/h5>\n\n\n\n<p>I dette galleri kan man se mine station\u00e6re computere fra efter 2000.<\/p>\n\n\n\n<figure class=\"wp-block-gallery has-nested-images columns-3 is-cropped wp-block-gallery-1 is-layout-flex wp-block-gallery-is-layout-flex\">\n<figure class=\"wp-block-image size-medium\"><a href=\"https:\/\/www.yuri.dk\/?p=117\"><img loading=\"lazy\" decoding=\"async\" width=\"300\" height=\"225\" data-id=\"127\" src=\"https:\/\/www.yuri.dk\/wp-content\/uploads\/2026\/02\/Beast-01-300x225.jpg\" alt=\"\" class=\"wp-image-127\" style=\"aspect-ratio:4\/3\" srcset=\"https:\/\/www.yuri.dk\/wp-content\/uploads\/2026\/02\/Beast-01-300x225.jpg 300w, https:\/\/www.yuri.dk\/wp-content\/uploads\/2026\/02\/Beast-01-1024x768.jpg 1024w, https:\/\/www.yuri.dk\/wp-content\/uploads\/2026\/02\/Beast-01-768x576.jpg 768w, https:\/\/www.yuri.dk\/wp-content\/uploads\/2026\/02\/Beast-01-1536x1152.jpg 1536w, https:\/\/www.yuri.dk\/wp-content\/uploads\/2026\/02\/Beast-01-2048x1536.jpg 2048w\" sizes=\"auto, (max-width: 300px) 100vw, 300px\" \/><\/a><figcaption class=\"wp-element-caption\">&#8220;<em>Beast<\/em>&#8220;<\/figcaption><\/figure>\n\n\n\n<figure class=\"wp-block-image size-medium\"><a href=\"https:\/\/www.yuri.dk\/?p=124\"><img loading=\"lazy\" decoding=\"async\" width=\"300\" height=\"225\" data-id=\"136\" src=\"https:\/\/www.yuri.dk\/wp-content\/uploads\/2026\/02\/IBM-NetVista-01-300x225.jpg\" alt=\"\" class=\"wp-image-136\" style=\"aspect-ratio:4\/3\" srcset=\"https:\/\/www.yuri.dk\/wp-content\/uploads\/2026\/02\/IBM-NetVista-01-300x225.jpg 300w, https:\/\/www.yuri.dk\/wp-content\/uploads\/2026\/02\/IBM-NetVista-01-1024x768.jpg 1024w, https:\/\/www.yuri.dk\/wp-content\/uploads\/2026\/02\/IBM-NetVista-01-768x576.jpg 768w, https:\/\/www.yuri.dk\/wp-content\/uploads\/2026\/02\/IBM-NetVista-01-1536x1152.jpg 1536w, https:\/\/www.yuri.dk\/wp-content\/uploads\/2026\/02\/IBM-NetVista-01-2048x1536.jpg 2048w\" sizes=\"auto, (max-width: 300px) 100vw, 300px\" \/><\/a><figcaption class=\"wp-element-caption\">IBM NetVista M42<\/figcaption><\/figure>\n\n\n\n<figure class=\"wp-block-image size-medium\"><a href=\"https:\/\/www.yuri.dk\/?p=121\"><img loading=\"lazy\" decoding=\"async\" width=\"300\" height=\"225\" data-id=\"142\" src=\"https:\/\/www.yuri.dk\/wp-content\/uploads\/2026\/02\/MSI-Hatchling-01-300x225.jpg\" alt=\"\" class=\"wp-image-142\" style=\"aspect-ratio:4\/3\" srcset=\"https:\/\/www.yuri.dk\/wp-content\/uploads\/2026\/02\/MSI-Hatchling-01-300x225.jpg 300w, https:\/\/www.yuri.dk\/wp-content\/uploads\/2026\/02\/MSI-Hatchling-01-1024x768.jpg 1024w, https:\/\/www.yuri.dk\/wp-content\/uploads\/2026\/02\/MSI-Hatchling-01-768x576.jpg 768w, https:\/\/www.yuri.dk\/wp-content\/uploads\/2026\/02\/MSI-Hatchling-01-1536x1152.jpg 1536w, https:\/\/www.yuri.dk\/wp-content\/uploads\/2026\/02\/MSI-Hatchling-01-2048x1536.jpg 2048w\" sizes=\"auto, (max-width: 300px) 100vw, 300px\" \/><\/a><figcaption class=\"wp-element-caption\">&#8220;<em>Hatchling<\/em>&#8220;<\/figcaption><\/figure>\n\n\n\n<figure class=\"wp-block-image size-medium\"><a href=\"https:\/\/www.yuri.dk\/?p=162\"><img loading=\"lazy\" decoding=\"async\" width=\"300\" height=\"225\" data-id=\"147\" src=\"https:\/\/www.yuri.dk\/wp-content\/uploads\/2026\/02\/MSI-Pirate-01-300x225.jpg\" alt=\"\" class=\"wp-image-147\" style=\"aspect-ratio:4\/3\" srcset=\"https:\/\/www.yuri.dk\/wp-content\/uploads\/2026\/02\/MSI-Pirate-01-300x225.jpg 300w, https:\/\/www.yuri.dk\/wp-content\/uploads\/2026\/02\/MSI-Pirate-01-1024x768.jpg 1024w, https:\/\/www.yuri.dk\/wp-content\/uploads\/2026\/02\/MSI-Pirate-01-768x576.jpg 768w, https:\/\/www.yuri.dk\/wp-content\/uploads\/2026\/02\/MSI-Pirate-01-1536x1152.jpg 1536w, https:\/\/www.yuri.dk\/wp-content\/uploads\/2026\/02\/MSI-Pirate-01-2048x1536.jpg 2048w\" sizes=\"auto, (max-width: 300px) 100vw, 300px\" \/><\/a><figcaption class=\"wp-element-caption\">&#8220;<em>Pirate<\/em>&#8220;<\/figcaption><\/figure>\n\n\n\n<figure class=\"wp-block-image size-medium\"><img loading=\"lazy\" decoding=\"async\" width=\"300\" height=\"225\" data-id=\"145\" src=\"https:\/\/www.yuri.dk\/wp-content\/uploads\/2026\/02\/HP-EliteDesk800G1SFF-01-300x225.jpg\" alt=\"\" class=\"wp-image-145\" style=\"aspect-ratio:4\/3\" srcset=\"https:\/\/www.yuri.dk\/wp-content\/uploads\/2026\/02\/HP-EliteDesk800G1SFF-01-300x225.jpg 300w, https:\/\/www.yuri.dk\/wp-content\/uploads\/2026\/02\/HP-EliteDesk800G1SFF-01-1024x768.jpg 1024w, https:\/\/www.yuri.dk\/wp-content\/uploads\/2026\/02\/HP-EliteDesk800G1SFF-01-768x576.jpg 768w, https:\/\/www.yuri.dk\/wp-content\/uploads\/2026\/02\/HP-EliteDesk800G1SFF-01-1536x1152.jpg 1536w, https:\/\/www.yuri.dk\/wp-content\/uploads\/2026\/02\/HP-EliteDesk800G1SFF-01-2048x1536.jpg 2048w\" sizes=\"auto, (max-width: 300px) 100vw, 300px\" \/><figcaption class=\"wp-element-caption\">HP EliteDesk 800 G1 SFF<\/figcaption><\/figure>\n\n\n\n<figure class=\"wp-block-image size-medium\"><img loading=\"lazy\" decoding=\"async\" width=\"300\" height=\"225\" data-id=\"146\" src=\"https:\/\/www.yuri.dk\/wp-content\/uploads\/2026\/02\/Gigabyte-Lenovo-01-300x225.jpg\" alt=\"\" class=\"wp-image-146\" style=\"aspect-ratio:4\/3\" srcset=\"https:\/\/www.yuri.dk\/wp-content\/uploads\/2026\/02\/Gigabyte-Lenovo-01-300x225.jpg 300w, https:\/\/www.yuri.dk\/wp-content\/uploads\/2026\/02\/Gigabyte-Lenovo-01-1024x768.jpg 1024w, https:\/\/www.yuri.dk\/wp-content\/uploads\/2026\/02\/Gigabyte-Lenovo-01-768x576.jpg 768w, https:\/\/www.yuri.dk\/wp-content\/uploads\/2026\/02\/Gigabyte-Lenovo-01-1536x1152.jpg 1536w, https:\/\/www.yuri.dk\/wp-content\/uploads\/2026\/02\/Gigabyte-Lenovo-01-2048x1536.jpg 2048w\" sizes=\"auto, (max-width: 300px) 100vw, 300px\" \/><figcaption class=\"wp-element-caption\">Lenovo\/Gigabyte<\/figcaption><\/figure>\n<\/figure>\n<\/div>\n\n\n\n<div class=\"wp-block-group is-layout-constrained wp-block-group-is-layout-constrained\">\n<h5 class=\"wp-block-heading\">B\u00e6rbare Computere<\/h5>\n\n\n\n<p>Jeg har aldrig haft den helt store interesse i b\u00e6rbare computere. Jo alts\u00e5 da jeg k\u00f8bte min f\u00f8rste (brugte) b\u00e6rbare computer &#8211; en Toshiba Satellite &#8211; syntes jeg at det var fedt. Men begr\u00e6nsningen de har ved at man ofte ikke kan opgradere dem ret meget g\u00f8r at min interesse i dag er minimal. Jeg har dog en del forskellige til lidt forskellige form\u00e5l; nogle syntes jeg er mere interessante end andre&#8230;<\/p>\n\n\n\n<p>I dette galleri kan I alts\u00e5 se de b\u00e6rbare computere jeg har.<\/p>\n\n\n\n<figure class=\"wp-block-gallery has-nested-images columns-default is-cropped wp-block-gallery-2 is-layout-flex wp-block-gallery-is-layout-flex\"><\/figure>\n<\/div>\n\n\n\n<div class=\"wp-block-group is-layout-constrained wp-block-group-is-layout-constrained\">\n<h5 class=\"wp-block-heading\">Vintage computere &#8211; so last millennia.<\/h5>\n\n\n\n<p>Nu kommer vi til det sjove!<\/p>\n\n\n\n<figure class=\"wp-block-gallery has-nested-images columns-default is-cropped wp-block-gallery-3 is-layout-flex wp-block-gallery-is-layout-flex\"><\/figure>\n<\/div>\n\n\n\n<div class=\"wp-block-group is-layout-constrained wp-block-group-is-layout-constrained\">\n<h5 class=\"wp-block-heading\">Spillekonsoller<\/h5>\n\n\n\n<p>Selvom jeg oprindeligt er en del af <em>the Computer Master Race<\/em> s\u00e5&#8230; har jeg efterh\u00e5nden f\u00e5et nogle spillekonsoller. Den f\u00f8rste spillekonsol jeg fik var en Sony PSOne og i mange \u00e5r var det ogs\u00e5 den eneste jeg har haft.<\/p>\n\n\n\n<figure class=\"wp-block-gallery has-nested-images columns-default is-cropped wp-block-gallery-4 is-layout-flex wp-block-gallery-is-layout-flex\"><\/figure>\n<\/div>\n\n\n\n<div class=\"wp-block-group is-layout-constrained wp-block-group-is-layout-constrained\">\n<h5 class=\"wp-block-heading\">H\u00e5ndholdte<\/h5>\n\n\n\n<p>En lille dims til at spille p\u00e5&#8230; s\u00e5dan nogle har jeg ogs\u00e5. Da jeg var barn havde jeg et par bip-bip-spil. Nogle af dem var ret sjove og ville jeg gerne spille igen. Som ung havde jeg ikke nogen Game Boy eller lignende, men senere har jeg f\u00e5et nogle h\u00e5ndholdte konsoller.<\/p>\n\n\n\n<figure class=\"wp-block-gallery has-nested-images columns-default is-cropped wp-block-gallery-5 is-layout-flex wp-block-gallery-is-layout-flex\"><\/figure>\n<\/div>\n\n\n\n<div class=\"wp-block-group is-layout-constrained wp-block-group-is-layout-constrained\">\n<h5 class=\"wp-block-heading\">Solgt &#8211; men ikke glemt<\/h5>\n\n\n\n<p>Gennem \u00e5rene har jeg solgt eller givet computere og spillekonsoller v\u00e6k. Her er nogle af dem.<\/p>\n\n\n\n<figure class=\"wp-block-gallery has-nested-images columns-4 is-cropped wp-block-gallery-6 is-layout-flex wp-block-gallery-is-layout-flex\">\n<figure class=\"wp-block-image size-large\"><img loading=\"lazy\" decoding=\"async\" width=\"1024\" height=\"768\" data-id=\"150\" src=\"https:\/\/www.yuri.dk\/wp-content\/uploads\/2026\/02\/Blackie-01-1024x768.jpg\" alt=\"\" class=\"wp-image-150\" srcset=\"https:\/\/www.yuri.dk\/wp-content\/uploads\/2026\/02\/Blackie-01-1024x768.jpg 1024w, https:\/\/www.yuri.dk\/wp-content\/uploads\/2026\/02\/Blackie-01-300x225.jpg 300w, https:\/\/www.yuri.dk\/wp-content\/uploads\/2026\/02\/Blackie-01-768x576.jpg 768w, https:\/\/www.yuri.dk\/wp-content\/uploads\/2026\/02\/Blackie-01-1536x1152.jpg 1536w, https:\/\/www.yuri.dk\/wp-content\/uploads\/2026\/02\/Blackie-01-2048x1536.jpg 2048w\" sizes=\"auto, (max-width: 1024px) 100vw, 1024px\" \/><figcaption class=\"wp-element-caption\"><em>&#8220;Blackie&#8221;<\/em><\/figcaption><\/figure>\n\n\n\n<figure class=\"wp-block-image size-large\"><img loading=\"lazy\" decoding=\"async\" width=\"1024\" height=\"683\" data-id=\"155\" src=\"https:\/\/www.yuri.dk\/wp-content\/uploads\/2026\/02\/HPCompaqElite8100SFF-01-1024x683.jpg\" alt=\"\" class=\"wp-image-155\" srcset=\"https:\/\/www.yuri.dk\/wp-content\/uploads\/2026\/02\/HPCompaqElite8100SFF-01-1024x683.jpg 1024w, https:\/\/www.yuri.dk\/wp-content\/uploads\/2026\/02\/HPCompaqElite8100SFF-01-300x200.jpg 300w, https:\/\/www.yuri.dk\/wp-content\/uploads\/2026\/02\/HPCompaqElite8100SFF-01-768x512.jpg 768w, https:\/\/www.yuri.dk\/wp-content\/uploads\/2026\/02\/HPCompaqElite8100SFF-01-1536x1024.jpg 1536w, https:\/\/www.yuri.dk\/wp-content\/uploads\/2026\/02\/HPCompaqElite8100SFF-01-2048x1365.jpg 2048w\" sizes=\"auto, (max-width: 1024px) 100vw, 1024px\" \/><figcaption class=\"wp-element-caption\">HP Compaq Elite 8100 SFF<\/figcaption><\/figure>\n\n\n\n<figure class=\"wp-block-image size-large\"><img loading=\"lazy\" decoding=\"async\" width=\"1024\" height=\"768\" data-id=\"158\" src=\"https:\/\/www.yuri.dk\/wp-content\/uploads\/2026\/02\/DadIO-01-1024x768.jpg\" alt=\"\" class=\"wp-image-158\" srcset=\"https:\/\/www.yuri.dk\/wp-content\/uploads\/2026\/02\/DadIO-01-1024x768.jpg 1024w, https:\/\/www.yuri.dk\/wp-content\/uploads\/2026\/02\/DadIO-01-300x225.jpg 300w, https:\/\/www.yuri.dk\/wp-content\/uploads\/2026\/02\/DadIO-01-768x576.jpg 768w, https:\/\/www.yuri.dk\/wp-content\/uploads\/2026\/02\/DadIO-01-1536x1152.jpg 1536w, https:\/\/www.yuri.dk\/wp-content\/uploads\/2026\/02\/DadIO-01-2048x1536.jpg 2048w\" sizes=\"auto, (max-width: 1024px) 100vw, 1024px\" \/><figcaption class=\"wp-element-caption\"><em>&#8220;DadI\/O&#8221;<\/em><\/figcaption><\/figure>\n\n\n\n<figure class=\"wp-block-image size-large\"><img loading=\"lazy\" decoding=\"async\" width=\"1024\" height=\"768\" data-id=\"159\" src=\"https:\/\/www.yuri.dk\/wp-content\/uploads\/2026\/02\/RocksmithSatellite-01-1024x768.jpg\" alt=\"\" class=\"wp-image-159\" srcset=\"https:\/\/www.yuri.dk\/wp-content\/uploads\/2026\/02\/RocksmithSatellite-01-1024x768.jpg 1024w, https:\/\/www.yuri.dk\/wp-content\/uploads\/2026\/02\/RocksmithSatellite-01-300x225.jpg 300w, https:\/\/www.yuri.dk\/wp-content\/uploads\/2026\/02\/RocksmithSatellite-01-768x576.jpg 768w, https:\/\/www.yuri.dk\/wp-content\/uploads\/2026\/02\/RocksmithSatellite-01-1536x1152.jpg 1536w, https:\/\/www.yuri.dk\/wp-content\/uploads\/2026\/02\/RocksmithSatellite-01-2048x1536.jpg 2048w\" sizes=\"auto, (max-width: 1024px) 100vw, 1024px\" \/><figcaption class=\"wp-element-caption\">&#8220;<em>Rocksmith Satellite<\/em>&#8220;<\/figcaption><\/figure>\n\n\n\n<figure class=\"wp-block-image size-large\"><img loading=\"lazy\" decoding=\"async\" width=\"1024\" height=\"768\" data-id=\"152\" src=\"https:\/\/www.yuri.dk\/wp-content\/uploads\/2026\/02\/AC98-01-1024x768.jpg\" alt=\"\" class=\"wp-image-152\" srcset=\"https:\/\/www.yuri.dk\/wp-content\/uploads\/2026\/02\/AC98-01-1024x768.jpg 1024w, https:\/\/www.yuri.dk\/wp-content\/uploads\/2026\/02\/AC98-01-300x225.jpg 300w, https:\/\/www.yuri.dk\/wp-content\/uploads\/2026\/02\/AC98-01-768x576.jpg 768w, https:\/\/www.yuri.dk\/wp-content\/uploads\/2026\/02\/AC98-01-1536x1152.jpg 1536w, https:\/\/www.yuri.dk\/wp-content\/uploads\/2026\/02\/AC98-01-2048x1536.jpg 2048w\" sizes=\"auto, (max-width: 1024px) 100vw, 1024px\" \/><figcaption class=\"wp-element-caption\">&#8220;<em>AC 98<\/em>&#8220;<\/figcaption><\/figure>\n\n\n\n<figure class=\"wp-block-image size-large\"><img loading=\"lazy\" decoding=\"async\" width=\"1024\" height=\"768\" data-id=\"153\" src=\"https:\/\/www.yuri.dk\/wp-content\/uploads\/2026\/02\/CompaqDeskPro590-01-1024x768.jpg\" alt=\"\" class=\"wp-image-153\" srcset=\"https:\/\/www.yuri.dk\/wp-content\/uploads\/2026\/02\/CompaqDeskPro590-01-1024x768.jpg 1024w, https:\/\/www.yuri.dk\/wp-content\/uploads\/2026\/02\/CompaqDeskPro590-01-300x225.jpg 300w, https:\/\/www.yuri.dk\/wp-content\/uploads\/2026\/02\/CompaqDeskPro590-01-768x576.jpg 768w, https:\/\/www.yuri.dk\/wp-content\/uploads\/2026\/02\/CompaqDeskPro590-01-1536x1152.jpg 1536w, https:\/\/www.yuri.dk\/wp-content\/uploads\/2026\/02\/CompaqDeskPro590-01-2048x1536.jpg 2048w\" sizes=\"auto, (max-width: 1024px) 100vw, 1024px\" \/><figcaption class=\"wp-element-caption\"><strong>Compaq DeskPro 590<\/strong><\/figcaption><\/figure>\n\n\n\n<figure class=\"wp-block-image size-large\"><img loading=\"lazy\" decoding=\"async\" width=\"1024\" height=\"768\" data-id=\"154\" src=\"https:\/\/www.yuri.dk\/wp-content\/uploads\/2026\/02\/FarVel-01-1024x768.jpg\" alt=\"\" class=\"wp-image-154\" srcset=\"https:\/\/www.yuri.dk\/wp-content\/uploads\/2026\/02\/FarVel-01-1024x768.jpg 1024w, https:\/\/www.yuri.dk\/wp-content\/uploads\/2026\/02\/FarVel-01-300x225.jpg 300w, https:\/\/www.yuri.dk\/wp-content\/uploads\/2026\/02\/FarVel-01-768x576.jpg 768w, https:\/\/www.yuri.dk\/wp-content\/uploads\/2026\/02\/FarVel-01-1536x1152.jpg 1536w, https:\/\/www.yuri.dk\/wp-content\/uploads\/2026\/02\/FarVel-01-2048x1536.jpg 2048w\" sizes=\"auto, (max-width: 1024px) 100vw, 1024px\" \/><figcaption class=\"wp-element-caption\">&#8220;<em>Far-Vel<\/em>&#8220;<\/figcaption><\/figure>\n\n\n\n<figure class=\"wp-block-image size-large\"><img loading=\"lazy\" decoding=\"async\" width=\"1024\" height=\"768\" data-id=\"151\" src=\"https:\/\/www.yuri.dk\/wp-content\/uploads\/2026\/02\/PeCY626115-01-1024x768.jpg\" alt=\"\" class=\"wp-image-151\" srcset=\"https:\/\/www.yuri.dk\/wp-content\/uploads\/2026\/02\/PeCY626115-01-1024x768.jpg 1024w, https:\/\/www.yuri.dk\/wp-content\/uploads\/2026\/02\/PeCY626115-01-300x225.jpg 300w, https:\/\/www.yuri.dk\/wp-content\/uploads\/2026\/02\/PeCY626115-01-768x576.jpg 768w, https:\/\/www.yuri.dk\/wp-content\/uploads\/2026\/02\/PeCY626115-01-1536x1152.jpg 1536w, https:\/\/www.yuri.dk\/wp-content\/uploads\/2026\/02\/PeCY626115-01-2048x1536.jpg 2048w\" sizes=\"auto, (max-width: 1024px) 100vw, 1024px\" \/><figcaption class=\"wp-element-caption\"><strong>PeCy 626115<\/strong><\/figcaption><\/figure>\n\n\n\n<figure class=\"wp-block-image size-large\"><img loading=\"lazy\" decoding=\"async\" width=\"1024\" height=\"768\" data-id=\"157\" src=\"https:\/\/www.yuri.dk\/wp-content\/uploads\/2026\/02\/AIDeluxe-01-1024x768.jpg\" alt=\"\" class=\"wp-image-157\" srcset=\"https:\/\/www.yuri.dk\/wp-content\/uploads\/2026\/02\/AIDeluxe-01-1024x768.jpg 1024w, https:\/\/www.yuri.dk\/wp-content\/uploads\/2026\/02\/AIDeluxe-01-300x225.jpg 300w, https:\/\/www.yuri.dk\/wp-content\/uploads\/2026\/02\/AIDeluxe-01-768x576.jpg 768w, https:\/\/www.yuri.dk\/wp-content\/uploads\/2026\/02\/AIDeluxe-01-1536x1152.jpg 1536w, https:\/\/www.yuri.dk\/wp-content\/uploads\/2026\/02\/AIDeluxe-01-2048x1536.jpg 2048w\" sizes=\"auto, (max-width: 1024px) 100vw, 1024px\" \/><figcaption class=\"wp-element-caption\">&#8220;<em>AI Deluxe<\/em>&#8220;<\/figcaption><\/figure>\n\n\n\n<figure class=\"wp-block-image size-large\"><img loading=\"lazy\" decoding=\"async\" width=\"1024\" height=\"768\" data-id=\"156\" src=\"https:\/\/www.yuri.dk\/wp-content\/uploads\/2026\/02\/RocksmithP5-01-1024x768.jpg\" alt=\"\" class=\"wp-image-156\" srcset=\"https:\/\/www.yuri.dk\/wp-content\/uploads\/2026\/02\/RocksmithP5-01-1024x768.jpg 1024w, https:\/\/www.yuri.dk\/wp-content\/uploads\/2026\/02\/RocksmithP5-01-300x225.jpg 300w, https:\/\/www.yuri.dk\/wp-content\/uploads\/2026\/02\/RocksmithP5-01-768x576.jpg 768w, https:\/\/www.yuri.dk\/wp-content\/uploads\/2026\/02\/RocksmithP5-01-1536x1152.jpg 1536w, https:\/\/www.yuri.dk\/wp-content\/uploads\/2026\/02\/RocksmithP5-01-2048x1536.jpg 2048w\" sizes=\"auto, (max-width: 1024px) 100vw, 1024px\" \/><figcaption class=\"wp-element-caption\">&#8220;<em>Rocksmith P5<\/em>&#8220;<\/figcaption><\/figure>\n\n\n\n<figure class=\"wp-block-image size-large\"><img loading=\"lazy\" decoding=\"async\" width=\"1024\" height=\"768\" data-id=\"160\" src=\"https:\/\/www.yuri.dk\/wp-content\/uploads\/2026\/02\/Gigabyte-Extreme-01-1024x768.jpg\" alt=\"\" class=\"wp-image-160\" srcset=\"https:\/\/www.yuri.dk\/wp-content\/uploads\/2026\/02\/Gigabyte-Extreme-01-1024x768.jpg 1024w, https:\/\/www.yuri.dk\/wp-content\/uploads\/2026\/02\/Gigabyte-Extreme-01-300x225.jpg 300w, https:\/\/www.yuri.dk\/wp-content\/uploads\/2026\/02\/Gigabyte-Extreme-01-768x576.jpg 768w, https:\/\/www.yuri.dk\/wp-content\/uploads\/2026\/02\/Gigabyte-Extreme-01-1536x1152.jpg 1536w, https:\/\/www.yuri.dk\/wp-content\/uploads\/2026\/02\/Gigabyte-Extreme-01.jpg 2000w\" sizes=\"auto, (max-width: 1024px) 100vw, 1024px\" \/><figcaption class=\"wp-element-caption\">&#8220;<em>Gigabyte Extreme<\/em>&#8220;<\/figcaption><\/figure>\n<\/figure>\n<\/div>\n","protected":false},"excerpt":{"rendered":"<p>Jeg bruger ofte computere og spille konsoller til at regenerere min tabte energi. Jeg har altid siddet foran en sk\u00e6rm &#8211; siden jeg var omkring tre \u00e5r gammel i slutningen af 1980&#8217;erne har jeg siddet ved en computer: dengang var det (t\u00f8r man sige naturligvis?) en Commodore 64: vi havde b\u00e5ndstation og diskettedrev til den [&hellip;]<\/p>\n","protected":false},"author":1,"featured_media":96,"parent":0,"menu_order":0,"comment_status":"closed","ping_status":"closed","template":"","meta":{"pagelayer_contact_templates":[],"_pagelayer_content":"","footnotes":""},"class_list":["post-94","page","type-page","status-publish","has-post-thumbnail","hentry"],"_links":{"self":[{"href":"https:\/\/www.yuri.dk\/index.php?rest_route=\/wp\/v2\/pages\/94","targetHints":{"allow":["GET"]}}],"collection":[{"href":"https:\/\/www.yuri.dk\/index.php?rest_route=\/wp\/v2\/pages"}],"about":[{"href":"https:\/\/www.yuri.dk\/index.php?rest_route=\/wp\/v2\/types\/page"}],"author":[{"embeddable":true,"href":"https:\/\/www.yuri.dk\/index.php?rest_route=\/wp\/v2\/users\/1"}],"replies":[{"embeddable":true,"href":"https:\/\/www.yuri.dk\/index.php?rest_route=%2Fwp%2Fv2%2Fcomments&post=94"}],"version-history":[{"count":9,"href":"https:\/\/www.yuri.dk\/index.php?rest_route=\/wp\/v2\/pages\/94\/revisions"}],"predecessor-version":[{"id":165,"href":"https:\/\/www.yuri.dk\/index.php?rest_route=\/wp\/v2\/pages\/94\/revisions\/165"}],"wp:featuredmedia":[{"embeddable":true,"href":"https:\/\/www.yuri.dk\/index.php?rest_route=\/wp\/v2\/media\/96"}],"wp:attachment":[{"href":"https:\/\/www.yuri.dk\/index.php?rest_route=%2Fwp%2Fv2%2Fmedia&parent=94"}],"curies":[{"name":"wp","href":"https:\/\/api.w.org\/{rel}","templated":true}]}}